{"id":3757,"date":"2024-09-30T21:43:35","date_gmt":"2024-10-01T00:43:35","guid":{"rendered":"https:\/\/musico.cl\/sitio\/?page_id=3757"},"modified":"2024-10-02T21:48:22","modified_gmt":"2024-10-03T00:48:22","slug":"millapol","status":"publish","type":"page","link":"https:\/\/musico.cl\/sitio\/?page_id=3757","title":{"rendered":"MILLAPOL"},"content":{"rendered":"\t\t<div data-elementor-type=\"wp-page\" data-elementor-id=\"3757\" class=\"elementor elementor-3757\">\n\t\t\t\t\t\t<section class=\"elementor-section elementor-top-section elementor-element elementor-element-71c41e9 elementor-section-boxed elementor-section-height-default elementor-section-height-default\" data-id=\"71c41e9\" data-element_type=\"section\">\n\t\t\t\t\t\t<div class=\"elementor-container elementor-column-gap-default\">\n\t\t\t\t\t<div class=\"elementor-column elementor-col-100 elementor-top-column elementor-element elementor-element-fe2afc0\" data-id=\"fe2afc0\" data-element_type=\"column\">\n\t\t\t<div class=\"elementor-widget-wrap elementor-element-populated\">\n\t\t\t\t\t\t<div class=\"elementor-element elementor-element-f928c80 elementor-widget elementor-widget-heading\" data-id=\"f928c80\" data-element_type=\"widget\" data-widget_type=\"heading.default\">\n\t\t\t\t<div class=\"elementor-widget-container\">\n\t\t\t<h4 class=\"elementor-heading-title elementor-size-default\">Millapol Gajardo Acu\u00f1a 1928 - 2024<\/h4>\t\t<\/div>\n\t\t\t\t<\/div>\n\t\t\t\t\t<\/div>\n\t\t<\/div>\n\t\t\t\t\t<\/div>\n\t\t<\/section>\n\t\t\t\t<section class=\"elementor-section elementor-top-section elementor-element elementor-element-019740c elementor-section-boxed elementor-section-height-default elementor-section-height-default\" data-id=\"019740c\" data-element_type=\"section\">\n\t\t\t\t\t\t<div class=\"elementor-container elementor-column-gap-default\">\n\t\t\t\t\t<div class=\"elementor-column elementor-col-100 elementor-top-column elementor-element elementor-element-e3d3cab\" data-id=\"e3d3cab\" data-element_type=\"column\">\n\t\t\t<div class=\"elementor-widget-wrap elementor-element-populated\">\n\t\t\t\t\t\t<div class=\"elementor-element elementor-element-58cd82e elementor-widget elementor-widget-image\" data-id=\"58cd82e\" data-element_type=\"widget\" data-widget_type=\"image.default\">\n\t\t\t\t<div class=\"elementor-widget-container\">\n\t\t\t\t\t\t\t\t\t\t\t\t\t<img fetchpriority=\"high\" decoding=\"async\" width=\"214\" height=\"300\" src=\"https:\/\/musico.cl\/sitio\/wp-content\/uploads\/2024\/09\/POLO-214x300.png\" class=\"attachment-medium size-medium wp-image-3761\" alt=\"\" srcset=\"https:\/\/musico.cl\/sitio\/wp-content\/uploads\/2024\/09\/POLO-214x300.png 214w, https:\/\/musico.cl\/sitio\/wp-content\/uploads\/2024\/09\/POLO.png 427w\" sizes=\"(max-width: 214px) 100vw, 214px\" \/>\t\t\t\t\t\t\t\t\t\t\t\t\t<\/div>\n\t\t\t\t<\/div>\n\t\t\t\t\t<\/div>\n\t\t<\/div>\n\t\t\t\t\t<\/div>\n\t\t<\/section>\n\t\t\t\t<section class=\"elementor-section elementor-top-section elementor-element elementor-element-46ec21c elementor-section-boxed elementor-section-height-default elementor-section-height-default\" data-id=\"46ec21c\" data-element_type=\"section\">\n\t\t\t\t\t\t<div class=\"elementor-container elementor-column-gap-default\">\n\t\t\t\t\t<div class=\"elementor-column elementor-col-100 elementor-top-column elementor-element elementor-element-b0978f8\" data-id=\"b0978f8\" data-element_type=\"column\">\n\t\t\t<div class=\"elementor-widget-wrap\">\n\t\t\t\t\t\t\t<\/div>\n\t\t<\/div>\n\t\t\t\t\t<\/div>\n\t\t<\/section>\n\t\t\t\t<section class=\"elementor-section elementor-top-section elementor-element elementor-element-326def3 elementor-section-boxed elementor-section-height-default elementor-section-height-default\" data-id=\"326def3\" data-element_type=\"section\">\n\t\t\t\t\t\t<div class=\"elementor-container elementor-column-gap-default\">\n\t\t\t\t\t<div class=\"elementor-column elementor-col-100 elementor-top-column elementor-element elementor-element-7f87727\" data-id=\"7f87727\" data-element_type=\"column\">\n\t\t\t<div class=\"elementor-widget-wrap elementor-element-populated\">\n\t\t\t\t\t\t<div class=\"elementor-element elementor-element-82d1aae elementor-widget elementor-widget-text-editor\" data-id=\"82d1aae\" data-element_type=\"widget\" data-widget_type=\"text-editor.default\">\n\t\t\t\t<div class=\"elementor-widget-container\">\n\t\t\t\t\t\t\t<p>Millapol Gajardo Acu\u00f1a, m\u00fasico chileno y maestro de generaciones, falleci\u00f3 el 30 de abril de 2024 a los 94 a\u00f1os. Conocido como \u2018Polo\u2019, su trayectoria incluy\u00f3 estudios en el Conservatorio Nacional de M\u00fasica y trabajo como flautista y percusionista en orquestas chilenas. A mediados de los a\u00f1os 60, su carrera dio un giro tras recibir una beca para estudiar m\u00fasica cl\u00e1sica hindustani en la India, donde se especializ\u00f3 en bansuri, tabla y musicolog\u00eda. Tras su regreso a Chile, Millapol se dedic\u00f3 a difundir la m\u00fasica india y occidental, adem\u00e1s de formar a numerosos estudiantes en ambas tradiciones. Su legado incluye importantes contribuciones como divulgador, docente y m\u00fasico, adem\u00e1s de una vida marcada por la humildad, la pasi\u00f3n por la naturaleza y las artes.<\/p>\t\t\t\t\t\t<\/div>\n\t\t\t\t<\/div>\n\t\t\t\t\t<\/div>\n\t\t<\/div>\n\t\t\t\t\t<\/div>\n\t\t<\/section>\n\t\t\t\t<\/div>\n\t\t","protected":false},"excerpt":{"rendered":"<p>Millapol Gajardo Acu\u00f1a 1928 &#8211; 2024 Millapol Gajardo Acu\u00f1a, m\u00fasico chileno y maestro de generaciones, falleci\u00f3 el 30 de abril de 2024 a los 94 a\u00f1os. Conocido como \u2018Polo\u2019, su trayectoria incluy\u00f3 estudios en el Conservatorio Nacional de M\u00fasica y trabajo como flautista y percusionista en orquestas chilenas. A mediados de los a\u00f1os 60, su [&hellip;]<\/p>\n","protected":false},"author":2,"featured_media":0,"parent":0,"menu_order":0,"comment_status":"closed","ping_status":"closed","template":"","meta":{"_acf_changed":false,"footnotes":""},"class_list":["post-3757","page","type-page","status-publish","hentry"],"acf":[],"_links":{"self":[{"href":"https:\/\/musico.cl\/sitio\/index.php?rest_route=\/wp\/v2\/pages\/3757","targetHints":{"allow":["GET"]}}],"collection":[{"href":"https:\/\/musico.cl\/sitio\/index.php?rest_route=\/wp\/v2\/pages"}],"about":[{"href":"https:\/\/musico.cl\/sitio\/index.php?rest_route=\/wp\/v2\/types\/page"}],"author":[{"embeddable":true,"href":"https:\/\/musico.cl\/sitio\/index.php?rest_route=\/wp\/v2\/users\/2"}],"replies":[{"embeddable":true,"href":"https:\/\/musico.cl\/sitio\/index.php?rest_route=%2Fwp%2Fv2%2Fcomments&post=3757"}],"version-history":[{"count":12,"href":"https:\/\/musico.cl\/sitio\/index.php?rest_route=\/wp\/v2\/pages\/3757\/revisions"}],"predecessor-version":[{"id":3773,"href":"https:\/\/musico.cl\/sitio\/index.php?rest_route=\/wp\/v2\/pages\/3757\/revisions\/3773"}],"wp:attachment":[{"href":"https:\/\/musico.cl\/sitio\/index.php?rest_route=%2Fwp%2Fv2%2Fmedia&parent=3757"}],"curies":[{"name":"wp","href":"https:\/\/api.w.org\/{rel}","templated":true}]}}