{"id":1533,"date":"2022-05-10T10:48:28","date_gmt":"2022-05-10T14:48:28","guid":{"rendered":"https:\/\/musico.cl\/sitio\/?page_id=1533"},"modified":"2024-05-17T09:27:12","modified_gmt":"2024-05-17T13:27:12","slug":"conciertos-educativos","status":"publish","type":"page","link":"https:\/\/musico.cl\/sitio\/?page_id=1533","title":{"rendered":"Conciertos educativos"},"content":{"rendered":"\t\t<div data-elementor-type=\"wp-page\" data-elementor-id=\"1533\" class=\"elementor elementor-1533\">\n\t\t\t\t\t\t<section class=\"elementor-section elementor-top-section elementor-element elementor-element-100306e elementor-section-boxed elementor-section-height-default elementor-section-height-default\" data-id=\"100306e\" data-element_type=\"section\" data-settings=\"{&quot;background_background&quot;:&quot;video&quot;,&quot;background_video_link&quot;:&quot;https:\\\/\\\/youtu.be\\\/ymDmLmNd1IM&quot;,&quot;background_video_start&quot;:10,&quot;background_play_on_mobile&quot;:&quot;yes&quot;,&quot;background_video_end&quot;:30}\">\n\t\t\t\t\t\t\t\t<div class=\"elementor-background-video-container\">\n\t\t\t\t\t\t\t\t\t\t\t\t\t<div class=\"elementor-background-video-embed\"><\/div>\n\t\t\t\t\t\t\t\t\t\t\t\t<\/div>\n\t\t\t\t\t\t\t\t\t<div class=\"elementor-background-overlay\"><\/div>\n\t\t\t\t\t\t\t<div class=\"elementor-container elementor-column-gap-no\">\n\t\t\t\t\t<div class=\"elementor-column elementor-col-100 elementor-top-column elementor-element elementor-element-ca77e67\" data-id=\"ca77e67\" data-element_type=\"column\">\n\t\t\t<div class=\"elementor-widget-wrap elementor-element-populated\">\n\t\t\t\t\t\t<div class=\"elementor-element elementor-element-cda13e2 elementor-widget elementor-widget-heading\" data-id=\"cda13e2\" data-element_type=\"widget\" data-widget_type=\"heading.default\">\n\t\t\t\t<div class=\"elementor-widget-container\">\n\t\t\t<h3 class=\"elementor-heading-title elementor-size-default\">conciertos educativos<\/h3>\t\t<\/div>\n\t\t\t\t<\/div>\n\t\t\t\t\t<\/div>\n\t\t<\/div>\n\t\t\t\t\t<\/div>\n\t\t<\/section>\n\t\t\t\t<section class=\"elementor-section elementor-top-section elementor-element elementor-element-752f8f1 elementor-section-boxed elementor-section-height-default elementor-section-height-default\" data-id=\"752f8f1\" data-element_type=\"section\">\n\t\t\t\t\t\t<div class=\"elementor-container elementor-column-gap-no\">\n\t\t\t\t\t<div class=\"elementor-column elementor-col-100 elementor-top-column elementor-element elementor-element-f6a5384\" data-id=\"f6a5384\" data-element_type=\"column\">\n\t\t\t<div class=\"elementor-widget-wrap elementor-element-populated\">\n\t\t\t\t\t\t<section class=\"elementor-section elementor-inner-section elementor-element elementor-element-4f1544c elementor-section-boxed elementor-section-height-default elementor-section-height-default\" data-id=\"4f1544c\" data-element_type=\"section\">\n\t\t\t\t\t\t<div class=\"elementor-container elementor-column-gap-default\">\n\t\t\t\t\t<div class=\"elementor-column elementor-col-33 elementor-inner-column elementor-element elementor-element-b7fdbbc\" data-id=\"b7fdbbc\" data-element_type=\"column\">\n\t\t\t<div class=\"elementor-widget-wrap\">\n\t\t\t\t\t\t\t<\/div>\n\t\t<\/div>\n\t\t\t\t<div class=\"elementor-column elementor-col-33 elementor-inner-column elementor-element elementor-element-01b9636\" data-id=\"01b9636\" data-element_type=\"column\">\n\t\t\t<div class=\"elementor-widget-wrap elementor-element-populated\">\n\t\t\t\t\t\t<div class=\"elementor-element elementor-element-c5a6155 elementor-widget elementor-widget-heading\" data-id=\"c5a6155\" data-element_type=\"widget\" data-widget_type=\"heading.default\">\n\t\t\t\t<div class=\"elementor-widget-container\">\n\t\t\t<h4 class=\"elementor-heading-title elementor-size-default\">Conciertos Educativos \/ Clases de Bansuri<\/h4>\t\t<\/div>\n\t\t\t\t<\/div>\n\t\t\t\t<div class=\"elementor-element elementor-element-13f1b61 elementor-widget elementor-widget-text-editor\" data-id=\"13f1b61\" data-element_type=\"widget\" data-widget_type=\"text-editor.default\">\n\t\t\t\t<div class=\"elementor-widget-container\">\n\t\t\t\t\t\t\t<p style=\"margin: 0cm -33pt 12pt -7.1pt; line-height: 16.8667px; font-size: 11pt; font-family: Calibri, sans-serif; color: #000000; text-align: center;\" align=\"center\"><span lang=\"ES\" style=\"font-size: 18pt; line-height: 27.6px; font-family: Arial, sans-serif;\">SARGAM<\/span><span lang=\"ES\" style=\"font-size: 10pt; line-height: 15.3333px; font-family: Arial, sans-serif;\"><br \/>Ensamble de M\u00fasica Cl\u00e1sica del Norte de India \/\u00a0<\/span><\/p><p style=\"margin: 0cm -33pt 12pt -7.1pt; line-height: 16.8667px; font-size: 11pt; font-family: Calibri, sans-serif; color: #000000; text-align: center;\" align=\"center\"><span lang=\"ES\" style=\"font-size: 10pt; line-height: 15.3333px; font-family: Arial, sans-serif;\">Programa educativo para el desarrollo de la Conciencia Sustentable<\/span><\/p><p style=\"margin: 0cm; line-height: normal; font-size: 11pt; font-family: Calibri, sans-serif; color: #000000; text-align: justify;\"><span lang=\"ES\" style=\"font-size: 10pt; font-family: Arial, sans-serif;\">El ensamble SARGAM tiene una trayectoria de m\u00e1s de 25 a\u00f1os ofreciendo conciertos de m\u00fasica cl\u00e1sica del norte de India y de fusi\u00f3n hind\u00fa, difundiendo la cultura y sonidos milenarios de ella. La M\u00fasica Cl\u00e1sica del Norte de India nos conecta con nuestro interior profundo a trav\u00e9s de la audici\u00f3n y goce est\u00e9tico de los Ragas, principal forma musical de la india tambi\u00e9n conocida como m\u00fasica Hindustani.<\/span><\/p><p style=\"margin: 0cm; line-height: normal; font-size: 11pt; font-family: Calibri, sans-serif; color: #000000; text-align: justify;\"><span lang=\"ES\" style=\"font-size: 10pt; font-family: Arial, sans-serif;\">\u00a0<\/span><\/p><p style=\"margin: 0cm; line-height: normal; font-size: 11pt; font-family: Calibri, sans-serif; color: #000000; text-align: justify;\"><span lang=\"ES\" style=\"font-size: 10pt; font-family: Arial, sans-serif;\">Proyecto Vuelos de Improvisaci\u00f3n<\/span><\/p><p style=\"margin: 0cm; line-height: normal; font-size: 11pt; font-family: Calibri, sans-serif; color: #000000; text-align: justify;\"><span lang=\"ES\" style=\"font-size: 10pt; font-family: Arial, sans-serif;\">\u00a0<\/span><\/p><p style=\"margin: 0cm 0cm 10pt; line-height: normal; font-size: 11pt; font-family: Calibri, sans-serif; color: #000000; text-align: justify;\"><span lang=\"ES\" style=\"font-size: 10pt; font-family: Arial, sans-serif;\">Vuelos de Improvisaci\u00f3n es un proyecto de creaci\u00f3n musical en desarrollo, que busca sumergir al auditor en una atm\u00f3sfera de contemplaci\u00f3n a trav\u00e9s del disfrute est\u00e9tico de la m\u00fasica cl\u00e1sica del norte de India junto al sonido natural de la flauta de bamb\u00fa y los paisajes y entornos sonoros de los humedales en la regi\u00f3n de los R\u00edos. El proyecto busca despertar conciencia auditiva, conciencia ecol\u00f3gica, la protecci\u00f3n de las aves, la preservaci\u00f3n de la biodiversidad y destacar la importancia de sistemas ecol\u00f3gicos y en particular <span style=\"background-image: initial; background-position: initial; background-size: initial; background-repeat: initial; background-attachment: initial; background-origin: initial; background-clip: initial;\">\u00e1reas de tierra donde frecuente o permanentemente se inundan; Humedales<\/span>.<\/span><\/p><p style=\"margin: 0cm 0cm 10pt; line-height: normal; font-size: 11pt; font-family: Calibri, sans-serif; color: #000000;\"><span lang=\"ES\" style=\"font-size: 10pt; line-height: 15.3333px; font-family: Arial, sans-serif;\">La m\u00fasica Cl\u00e1sica del Norte de India, es una disciplina que denomina Nada Yoga, sonido &#8211; inteligible. Este sonido\u00a0 y audici\u00f3n conciente nos conecta con la naturaleza, la contemplaci\u00f3n y el silencio interior. La interpretaci\u00f3n de la m\u00fasica de la India va desarrollando la voluntad musical o la conciencia de quien la practica y\/o la escucha, brindando la posibilidad de conectarse con uno mismo y propender a una mejor salud mental y f\u00edsica.<\/span><\/p><p style=\"margin: 0cm 0cm 10pt; line-height: normal; font-size: 11pt; font-family: Calibri, sans-serif; color: #000000;\"><span lang=\"ES\" style=\"font-size: 10pt; line-height: 15.3333px; font-family: Arial, sans-serif;\">\u00abEl Nada Yoga, tambi\u00e9n conocido como Yoga del sonido, se enfoca en la vibraci\u00f3n sonora como camino hacia el equilibrio psicof\u00edsico y espiritual. Seg\u00fan la m\u00edstica del Yoga, el universo es vibraci\u00f3n en estado puro y el primer sonido que surgi\u00f3 al crearse fue el OM, la vibraci\u00f3n primordial. En el marco del yoga y sus diversos estilos, el sonido se manifiesta de varias formas, desde la respiraci\u00f3n hasta el canto de mantras y ejecuci\u00f3n de ragas. Estas pr\u00e1cticas desarrollan nuestra espiritualidad sin estar necesariamente vinculadas a la religiosidad. A trav\u00e9s del sonido, se trabaja la presencia y la conciencia plena, calmando la mente y armonizando nuestras vibraciones en todos los niveles. Es como afinar un instrumento para deshacer la tensi\u00f3n, los bloqueos y el estr\u00e9s, favoreciendo un estado de salud global<\/span><\/p><p>\u00a0<\/p><p style=\"margin: 0cm 0cm 10pt; line-height: normal; font-size: 11pt; font-family: Calibri, sans-serif; color: #000000;\"><b><u><span lang=\"ES\" style=\"font-size: 10pt; font-family: Arial, sans-serif;\">Programa Concierto Educativo<\/span><\/u><\/b><\/p><p style=\"margin: 0cm 0cm 10pt; line-height: normal; font-size: 11pt; font-family: Calibri, sans-serif; color: #000000;\"><b><span lang=\"ES\" style=\"font-size: 10pt; font-family: Arial, sans-serif;\">Contenidos<\/span><\/b><span lang=\"ES\" style=\"font-size: 10pt; font-family: Arial, sans-serif;\"><br \/>Instrumentos y sonido milenario de la India<br \/>Impacto emocional de los Ragas<br \/>Educaci\u00f3n para el desarrollo Sustentable (EDS, MMA, 2012;\u00a0 ODS 2015)<\/span><\/p><p style=\"margin: 0cm 0cm 10pt; line-height: normal; font-size: 11pt; font-family: Calibri, sans-serif; color: #000000;\"><b><span lang=\"ES\" style=\"font-size: 10pt; font-family: Arial, sans-serif;\">Propuestas de debate<\/span><\/b><span lang=\"ES\" style=\"font-size: 10pt; font-family: Arial, sans-serif;\"><br \/>Importancia de los Humedales y la Biodiversidad<br \/>\u00bfQu\u00e9 es la EDS y los 17 ODS?<br \/>\u00bfQu\u00e9 tipos de humedales tenemos en Chile?<br \/>\u00bfPor qu\u00e9 son importantes los humedales?<br \/>\u00bfQu\u00e9 servicios nos prestan los humedales?<br \/>\u00bfCu\u00e1l es el estado de conservaci\u00f3n de nuestros humedales?<br \/>\u00bfCu\u00e1les son las causas de la desaparici\u00f3n y degradaci\u00f3n de nuestros humedales?<br \/>\u00bfCu\u00e1l es el futuro de los humedales?<br \/>\u00bfC\u00f3mo se puede mejorar la gesti\u00f3n de los humedales?<\/span><\/p><p style=\"margin: 0cm 0cm 10pt; line-height: normal; font-size: 11pt; font-family: Calibri, sans-serif; color: #000000;\"><b><span lang=\"ES\" style=\"font-size: 10pt; font-family: Arial, sans-serif;\">Instrumentos; Sonido milenario de la India<\/span><\/b><span lang=\"ES\" style=\"font-size: 10pt; font-family: Arial, sans-serif;\"><br \/>Bansuri (flauta de Bamb\u00fa de la India)<b><br \/><\/b>Tabla y Udu, percusi\u00f3n cl\u00e1sica\u00a0 de la India y vasija de barro (Pomaire)\u00a0<br \/>Tambura y Shruti Box (Instrumentos de Drone<\/span><\/p><p style=\"margin: 0cm 0cm 10pt; line-height: normal; font-size: 11pt; font-family: Calibri, sans-serif; color: #000000;\"><b><span lang=\"ES\" style=\"font-size: 10pt; font-family: Arial, sans-serif;\">Programa Musical<br \/>Muestra e Interpretaci\u00f3n de Ragas<\/span><\/b><span lang=\"ES\" style=\"font-size: 10pt; font-family: Arial, sans-serif;\"><br \/><b><br \/><\/b>Raga Amrit Varshni \u00a0\u00a0(lluvia de n\u00e9ctar)<br \/>Raga \u00a0Shivarani (Humedal Nocturno)<br \/>Raga Durga (Cambio Clim\u00e1tico)<br \/>Raga Hamsadwani (Humedales Sur Sur)<br \/>Raga Hindol (Bosque Valdiviano)<\/span><\/p><p style=\"margin: 0cm 0cm 10pt; line-height: normal; font-size: 11pt; font-family: Calibri, sans-serif; color: #000000;\"><span lang=\"ES\" style=\"font-size: 10pt; font-family: Arial, sans-serif;\"><span style=\"color: #000000; font-family: Arial, Helvetica, sans-serif; font-size: small;\" data-sider-select-id=\"dc085248-d8c3-4af4-90ba-9263a41cf4e1\">Impacto emocional de los Ragas<br \/><\/span><span style=\"font-family: Arial, Helvetica, sans-serif; font-size: small;\">Actividad de dibujo y escucha creativa<br \/><\/span><span style=\"font-family: Arial, Helvetica, sans-serif; font-size: small;\">Duraci\u00f3n m\u00ednima 45 minutos<\/span><br \/><\/span><\/p><p style=\"margin: 0cm 0cm 10pt; line-height: normal;\"><span style=\"color: #000000; font-family: Arial, Helvetica, sans-serif; font-size: small;\">CLASES PARTICULARES DE MUSICA CL\u00c1SICA DEL NORTE DE INDIA<\/span><\/p><p style=\"margin: 0cm 0cm 10pt; line-height: normal;\"><span style=\"color: #000000; font-family: Arial, Helvetica, sans-serif; font-size: small;\">Clases y Seminarios de introducci\u00f3n a la teor\u00eda y pr\u00e1ctica de la m\u00fasica cl\u00e1sica del norte de India, dirigida estudiantes de m\u00fasica, personas que busquen desarrollo interno, profesionales de la m\u00fasica y del Yoga.<\/span><\/p><p style=\"margin: 0cm 0cm 10pt; line-height: normal;\">\u00a0<\/p><p style=\"margin: 0cm 0cm 10pt; line-height: normal;\"><span style=\"color: #000000; font-family: Arial, Helvetica, sans-serif; font-size: small;\">Personas interesadas en profundizar en los aspectos est\u00e9ticos y pr\u00e1cticos de la m\u00fasica cl\u00e1sica del norte de la India o iniciarse en el Bansuri, la flauta de bamb\u00fa cl\u00e1sica de la india. Incluye pr\u00e1cticar y desarrollar el goce est\u00e9tico de la audici\u00f3n y entonaci\u00f3n correcta de ragas y mantras.<\/span><\/p><p style=\"margin: 0cm 0cm 10pt; line-height: normal;\"><span style=\"color: #000000; font-family: Arial, Helvetica, sans-serif; font-size: small;\">Valores:<\/span><\/p><p style=\"margin: 0cm 0cm 10pt; line-height: normal;\"><span style=\"color: #000000; font-family: Arial, Helvetica, sans-serif; font-size: small;\">$20.000 En l\u00ednea Video Conferencia ( 45 min.)<br \/><\/span><span style=\"color: #000000; font-family: Arial, Helvetica, sans-serif; font-size: small;\">$40.000 presencial. (60 a 90 min)<br \/><\/span><span style=\"color: #000000; font-family: Arial, Helvetica, sans-serif; font-size: small;\">Coordinar sesi\u00f3n con\u00a0 tomasthayer@gmail.com<br \/><\/span><span style=\"color: #000000; font-family: Arial, Helvetica, sans-serif; font-size: small;\">www.musico.cl &#8211; m\u00fasica de la india<br \/><\/span><span style=\"color: #000000; font-family: Arial, Helvetica, sans-serif; font-size: small;\">El conocimiento est\u00e1 basado en las ense\u00f1anzas del maestro G.S. Sachdev.<\/span><\/p><p>\u00a0<\/p><p style=\"color: #000000; font-family: Times; font-size: medium;\" align=\"justify\">\u00a0<\/p><p style=\"text-align: left;\" align=\"justify\">\u00a0<\/p><p style=\"color: #000000; font-family: Times; font-size: medium;\" align=\"justify\">\u00a0<\/p>\t\t\t\t\t\t<\/div>\n\t\t\t\t<\/div>\n\t\t\t\t<div class=\"elementor-element elementor-element-33f2ef1 elementor-widget elementor-widget-heading\" data-id=\"33f2ef1\" data-element_type=\"widget\" data-widget_type=\"heading.default\">\n\t\t\t\t<div class=\"elementor-widget-container\">\n\t\t\t<h4 class=\"elementor-heading-title elementor-size-default\">Seminarios: M\u00fasica cl\u00e1sica del norte de India<\/h4>\t\t<\/div>\n\t\t\t\t<\/div>\n\t\t\t\t<div class=\"elementor-element elementor-element-b6a02fd elementor-widget__width-initial elementor-widget elementor-widget-text-editor\" data-id=\"b6a02fd\" data-element_type=\"widget\" data-widget_type=\"text-editor.default\">\n\t\t\t\t<div class=\"elementor-widget-container\">\n\t\t\t\t\t\t\t<p><b>Seminario de introducci\u00f3n a la teor\u00eda y pr\u00e1ctica de la m\u00fasica cl\u00e1sica del norte de\u00a0 India.<\/b><\/p><p>Foco\u00a0 del contenido estudiantes de m\u00fasica, personas que busquen desarrollo interno, profesionales de la m\u00fasica y de Yoga.<br \/>Personas interesadas en profundizar en los aspectos est\u00e9ticos y pr\u00e1cticos de la m\u00fasica cl\u00e1sica del norte de la India o iniciarse en el Bansuri, la flauta de bamb\u00fa cl\u00e1sica de la india. Incluye pr\u00e1cticar y desarrollar el goce est\u00e9tico de la audici\u00f3n y entonaci\u00f3n correcta de ragas y mantras.<br \/>El conocimiento est\u00e1 basado en las ense\u00f1anazas del maestro G.S. Sachdev.<\/p><p>Metodolog\u00eda Taller de m\u00fasica cl\u00e1sica del norte de india:<br \/>Estudiaremos y reflexionaremos a trav\u00e9s de un material did\u00e1ctico preparado para cada sesi\u00f3n del taller, que ser\u00e1 una gu\u00eda para el desarrollo de la metodolog\u00eda personal necesaria para la pr\u00e1ctica cantada y\/o instrumental de entonaci\u00f3n b\u00e1sica y correcta de los ragas. Esta pr\u00e1ctica permitir\u00e1 al estudiante introducirse paulatinamente en la, comprensi\u00f3n est\u00e9tica, teor\u00eda y concepto vivo de la m\u00fasica cl\u00e1sica del norte de la India.<br \/><b>Metodolog\u00eda<\/b><\/p><p>En clases se aplicar\u00e1 la metodolog\u00eda tradicional oral de la india para aprender de \u00abo\u00eddo\u00bb el canto de \u00abswaras\u00bb(notas inteligibles, tocadas en la flauta de bamb\u00fa y cantadas ) y ragas de manera simple (sin adornos) en forma grupal y participativa, cantando o instrumentalmente seg\u00fan el interesado.<\/p><p>Para lograr una mayor profundizaci\u00f3n se estudiar\u00e1n algunos t\u00f3picos b\u00e1sicos de iniciaci\u00f3n musical a trav\u00e9s del desarrollo de temas complementarios .<\/p><p><b>Contenidos<\/b><\/p><p>Or\u00edgenes de la m\u00fasica de la India<br \/>Vibraciones y ondas Sonoras<br \/>El Bansuri, la flauta de Bamb\u00fa y los instrumentos de la India<br \/>NADA, sonido inteligible<br \/>Conceptos de Nada Yoga<br \/>Psicolog\u00eda de la Audici\u00f3n y Son\u00f3sfera<br \/>Swar\u00b4s , sonidos sagrados<br \/>Afinaci\u00f3n y canto<br \/>Cantos V\u00e9dicos<br \/>Teor\u00eda y sistema de notaci\u00f3n de la m\u00fasica del Norte de la India.<br \/>Introducci\u00f3n los Melakartas Sistema de Ragas Karn\u00e1ticos.<br \/>Origen de los Ragas<br \/>Emociones que transmiten los ragas<br \/>Conceptos Resonancia, melod\u00eda y armon\u00eda<br \/>Efectos de sanaci\u00f3n<br \/>Pulso y ritmo<br \/>Origen de los Talas (ciclos ritmos circulares)<br \/>Ejecuci\u00f3n instrumental y cantada de ragas<br \/>Introducci\u00f3n al Bhava (estado mental y emoci\u00f3n del int\u00e9rprete)<br \/>Audici\u00f3n y apreciaci\u00f3n del Raga (Videos y Audiciones)<br \/>Pr\u00e1ctica cantada y\/o instrumental de Ragas<br \/>Sistema de Improvisaci\u00f3n de la m\u00fasica cl\u00e1sica de la India.<\/p><p><b>Bibliograf\u00eda:<\/b><\/p><p>Ense\u00f1anzas Maestro Gurbachan Singh Sachdev entre 1994 \u2013 2018<br \/>Tratado de M\u00fasica del Norte de India de Alain Danielou<br \/>Raga Guide<br \/>Discografia de M\u00fasica Cl\u00e1sica de India<br \/>www.musico.cl<br \/>www.sargam.cl<br \/>Estudios.<br \/>Licenciado en M\u00fasica U. de Chile<br \/>Magister en Educaci\u00f3n Menci\u00f3n Inform\u00e1tica Educativa.<br \/>Int\u00e9rprete en Bansuri, disc\u00edpulo de G.S.Sachdev.<br \/>Doctorando en Did\u00e1ctias Espec\u00edficas Universitat de Valencia<br \/>Profesor universitario Universidad Austral de Valdivia<br \/>Valdivia<br \/>SUDAM\u00c9RICA\u00a0<br \/>Chile<\/p>\t\t\t\t\t\t<\/div>\n\t\t\t\t<\/div>\n\t\t\t\t\t<\/div>\n\t\t<\/div>\n\t\t\t\t<div class=\"elementor-column elementor-col-33 elementor-inner-column elementor-element elementor-element-5141705\" data-id=\"5141705\" data-element_type=\"column\">\n\t\t\t<div class=\"elementor-widget-wrap\">\n\t\t\t\t\t\t\t<\/div>\n\t\t<\/div>\n\t\t\t\t\t<\/div>\n\t\t<\/section>\n\t\t\t\t\t<\/div>\n\t\t<\/div>\n\t\t\t\t\t<\/div>\n\t\t<\/section>\n\t\t\t\t<section class=\"elementor-section elementor-top-section elementor-element elementor-element-d8b8ccf elementor-section-boxed elementor-section-height-default elementor-section-height-default\" data-id=\"d8b8ccf\" data-element_type=\"section\">\n\t\t\t\t\t\t<div class=\"elementor-container elementor-column-gap-default\">\n\t\t\t\t\t<div class=\"elementor-column elementor-col-100 elementor-top-column elementor-element elementor-element-ecd943a\" data-id=\"ecd943a\" data-element_type=\"column\">\n\t\t\t<div class=\"elementor-widget-wrap\">\n\t\t\t\t\t\t\t<\/div>\n\t\t<\/div>\n\t\t\t\t\t<\/div>\n\t\t<\/section>\n\t\t\t\t<\/div>\n\t\t","protected":false},"excerpt":{"rendered":"<p>conciertos educativos Conciertos Educativos \/ Clases de Bansuri SARGAMEnsamble de M\u00fasica Cl\u00e1sica del Norte de India \/\u00a0 Programa educativo para el desarrollo de la Conciencia Sustentable El ensamble SARGAM tiene una trayectoria de m\u00e1s de 25 a\u00f1os ofreciendo conciertos de m\u00fasica cl\u00e1sica del norte de India y de fusi\u00f3n hind\u00fa, difundiendo la cultura y sonidos [&hellip;]<\/p>\n","protected":false},"author":1,"featured_media":0,"parent":0,"menu_order":0,"comment_status":"closed","ping_status":"closed","template":"full-width.php","meta":{"_acf_changed":false,"footnotes":""},"class_list":["post-1533","page","type-page","status-publish","hentry"],"acf":[],"_links":{"self":[{"href":"https:\/\/musico.cl\/sitio\/index.php?rest_route=\/wp\/v2\/pages\/1533","targetHints":{"allow":["GET"]}}],"collection":[{"href":"https:\/\/musico.cl\/sitio\/index.php?rest_route=\/wp\/v2\/pages"}],"about":[{"href":"https:\/\/musico.cl\/sitio\/index.php?rest_route=\/wp\/v2\/types\/page"}],"author":[{"embeddable":true,"href":"https:\/\/musico.cl\/sitio\/index.php?rest_route=\/wp\/v2\/users\/1"}],"replies":[{"embeddable":true,"href":"https:\/\/musico.cl\/sitio\/index.php?rest_route=%2Fwp%2Fv2%2Fcomments&post=1533"}],"version-history":[{"count":103,"href":"https:\/\/musico.cl\/sitio\/index.php?rest_route=\/wp\/v2\/pages\/1533\/revisions"}],"predecessor-version":[{"id":3695,"href":"https:\/\/musico.cl\/sitio\/index.php?rest_route=\/wp\/v2\/pages\/1533\/revisions\/3695"}],"wp:attachment":[{"href":"https:\/\/musico.cl\/sitio\/index.php?rest_route=%2Fwp%2Fv2%2Fmedia&parent=1533"}],"curies":[{"name":"wp","href":"https:\/\/api.w.org\/{rel}","templated":true}]}}